{"id":48,"date":"2020-07-11T13:11:23","date_gmt":"2020-07-11T11:11:23","guid":{"rendered":"http:\/\/xn--wrterbummel-rfb.de\/?page_id=48"},"modified":"2020-07-11T14:42:21","modified_gmt":"2020-07-11T12:42:21","slug":"intro","status":"publish","type":"page","link":"https:\/\/xn--wrterbummel-rfb.de\/?page_id=48","title":{"rendered":"Intro"},"content":{"rendered":"\n<p>Beim Bummeln geht es ums Entschleunigen. Ein Stadtbummel ist etwas anderes als in die Stadt gehen. Da springt man von einem Laden zum n\u00e4chsten, rei\u00dft Klamotten vom B\u00fcgel oder Shampoo aus dem Regal.&nbsp;<\/p>\n\n\n\n<p>Beim Bummeln steht der Spa\u00df im Vordergrund. Man schaut einfach mal, was es gibt, schleckt dabei ein Eis oder trinkt einen Cappuccino. Gef\u00e4llt etwas, bleibt man stehen, nimmt sich Zeit und entscheidet \u00fcber gefallen oder nicht nicht gefallen.&nbsp;<\/p>\n\n\n\n<p>Darum soll es auch in diesem Blog gehen. Viel zu oft lesen wir B\u00fccher ruckzuck durch, damit der SuB auf dem Nachttischchen kleiner wird &#8211; und der neben der Couch &#8211; und der auf der Fensterbank\u2026 falls es <strong>*h\u00fcstel*<\/strong> bei euch so aussieht wie bei mir. Dabei geben sich die Autorinnen und Autoren sehr viel M\u00fche beim Schreiben ihrer Geschichten. Sie k\u00e4mpfen gegen das fiese wei\u00dfe Blatt, querulante Protagonisten oder verhedderte Plottwists um uns Lesern ein paar Stunden Unterhaltung zu bieten &#8211; mit gro\u00dfen Gef\u00fchlen, Tr\u00e4nen, Grusel, Humor und und und.&nbsp;<\/p>\n\n\n\n<p>Im besten Fall haben nicht nur die Protagonisten auf ihrer Heldenreise etwas gelernt, sondern auch die Leser. Zu welchen Gedanken mich das jeweilige Buch gef\u00fchrt hat, teile ich gerne mit euch.&nbsp;<\/p>\n\n\n\n<p>Es sind nicht immer die brandneuesten B\u00fccher, aber auch die \u00e4lteren und unbekannteren verdienen es gelesen und bedacht zu werden.&nbsp;<\/p>\n\n\n\n<p>Legen wir los und bummeln durch die W\u00f6rter!&nbsp;<\/p>\n\n\n\n<p>Eure Ella<\/p>\n","protected":false},"excerpt":{"rendered":"<p>Beim Bummeln geht es ums Entschleunigen. Ein Stadtbummel ist etwas anderes als in die Stadt gehen. Da springt man von einem Laden zum n\u00e4chsten, rei\u00dft Klamotten vom B\u00fcgel oder Shampoo aus dem Regal.&nbsp; Beim Bummeln steht der Spa\u00df im Vordergrund. Man schaut einfach mal, was es gibt, schleckt dabei ein Eis oder trinkt einen Cappuccino. Gef\u00e4llt etwas, bleibt man stehen, nimmt sich Zeit und entscheidet \u00fcber gefallen oder nicht nicht gefallen.&nbsp; Darum soll es auch in diesem Blog gehen. Viel zu oft lesen wir B\u00fccher ruckzuck durch, damit der SuB auf dem Nachttischchen kleiner wird &#8211; und der neben der Couch &#8211; und der auf der Fensterbank\u2026 falls es *h\u00fcstel* bei euch so aussieht wie bei mir. Dabei geben sich die Autorinnen und Autoren sehr viel M\u00fche beim Schreiben ihrer Geschichten. Sie k\u00e4mpfen gegen das fiese wei\u00dfe Blatt, querulante Protagonisten oder verhedderte Plottwists um uns Lesern ein paar Stunden Unterhaltung zu bieten &#8211; mit gro\u00dfen Gef\u00fchlen, Tr\u00e4nen, Grusel, Humor und und und.&nbsp; Im besten Fall haben nicht nur die Protagonisten auf ihrer Heldenreise etwas gelernt, sondern auch die Leser. Zu welchen Gedanken mich das jeweilige Buch gef\u00fchrt hat, teile ich gerne mit euch.&nbsp; Es sind nicht immer die brandneuesten B\u00fccher, aber auch die \u00e4lteren und unbekannteren verdienen es gelesen und bedacht zu werden.&nbsp; Legen wir los und bummeln durch die W\u00f6rter!&nbsp; Eure Ella<\/p>\n","protected":false},"author":1,"featured_media":49,"parent":0,"menu_order":0,"comment_status":"closed","ping_status":"closed","template":"","meta":{"footnotes":""},"class_list":["post-48","page","type-page","status-publish","has-post-thumbnail","hentry"],"acf":[],"_links":{"self":[{"href":"https:\/\/xn--wrterbummel-rfb.de\/index.php?rest_route=\/wp\/v2\/pages\/48","targetHints":{"allow":["GET"]}}],"collection":[{"href":"https:\/\/xn--wrterbummel-rfb.de\/index.php?rest_route=\/wp\/v2\/pages"}],"about":[{"href":"https:\/\/xn--wrterbummel-rfb.de\/index.php?rest_route=\/wp\/v2\/types\/page"}],"author":[{"embeddable":true,"href":"https:\/\/xn--wrterbummel-rfb.de\/index.php?rest_route=\/wp\/v2\/users\/1"}],"replies":[{"embeddable":true,"href":"https:\/\/xn--wrterbummel-rfb.de\/index.php?rest_route=%2Fwp%2Fv2%2Fcomments&post=48"}],"version-history":[{"count":3,"href":"https:\/\/xn--wrterbummel-rfb.de\/index.php?rest_route=\/wp\/v2\/pages\/48\/revisions"}],"predecessor-version":[{"id":52,"href":"https:\/\/xn--wrterbummel-rfb.de\/index.php?rest_route=\/wp\/v2\/pages\/48\/revisions\/52"}],"wp:featuredmedia":[{"embeddable":true,"href":"https:\/\/xn--wrterbummel-rfb.de\/index.php?rest_route=\/wp\/v2\/media\/49"}],"wp:attachment":[{"href":"https:\/\/xn--wrterbummel-rfb.de\/index.php?rest_route=%2Fwp%2Fv2%2Fmedia&parent=48"}],"curies":[{"name":"wp","href":"https:\/\/api.w.org\/{rel}","templated":true}]}}